{"id":127,"date":"2014-07-28T18:55:13","date_gmt":"2014-07-28T18:55:13","guid":{"rendered":"http:\/\/setocupacional.com.br\/site\/?page_id=127"},"modified":"2014-07-30T13:51:59","modified_gmt":"2014-07-30T13:51:59","slug":"trabalhe-conosco","status":"publish","type":"page","link":"http:\/\/setocupacional.com.br\/site\/trabalhe-conosco\/","title":{"rendered":"Trabalhe Conosco"},"content":{"rendered":"<p>Venha fazer parte da Equipe SET &#8211; Medicina e Seguran\u00e7a do Trabalho. Envie seu curr\u00edculo.<\/p>\n\n<div class='yuzo_related_post'  data-version='2.8.3'><div class='clearfix'><hr \/><br \/><h3>Conte\u00fado Relacionado<\/h3><\/div>\n                    <div class=\"relatedthumb yuzo-list\"  >  \n                        <a rel=\"external\" href=\"http:\/\/setocupacional.com.br\/site\/fique-por-dentro\/mogi-cruzes-tiete-perda-auditiva-por-ruido-no-trabalhado\/\" class=\"image-list\">\n                             <div style=\"background:url(http:\/\/setocupacional.com.br\/site\/wp-content\/uploads\/2014\/10\/set-01.jpg) 50% 50% no-repeat;width: 130px;height:90px;margin-bottom: 5px;background-size: cover; \"><\/div>\n                        <\/a>\n                        <a class=\"link-list\" href=\"http:\/\/setocupacional.com.br\/site\/fique-por-dentro\/mogi-cruzes-tiete-perda-auditiva-por-ruido-no-trabalhado\/\" style=\"font-size:18px;font-weight:bold;\">A perda auditiva induzida por ru\u00eddo e sua influ\u00eancia na qualidade de vida dos trabalhadores<\/a><\/h3>\n                        <span style=\"font-size:14px;\" >Como a Perda Auditiva Induzida por Ru\u00eddo e suas caracter\u00edsticas podem influenciar negativamente a qualidade de vida do...<\/span>\n                        \n                    <\/div>\n                    <div class=\"relatedthumb yuzo-list\"  >  \n                        <a rel=\"external\" href=\"http:\/\/setocupacional.com.br\/site\/fique-por-dentro\/afastamento-por-auxilio-doenca\/\" class=\"image-list\">\n                             <div style=\"background:url(http:\/\/setocupacional.com.br\/site\/wp-content\/uploads\/2018\/02\/stethoscope-2617701_960_720-300x191.jpg) 50% 50% no-repeat;width: 130px;height:90px;margin-bottom: 5px;background-size: cover; \"><\/div>\n                        <\/a>\n                        <a class=\"link-list\" href=\"http:\/\/setocupacional.com.br\/site\/fique-por-dentro\/afastamento-por-auxilio-doenca\/\" style=\"font-size:18px;font-weight:bold;\">Afastamento por Aux\u00edlio-Doen\u00e7a<\/a><\/h3>\n                        <span style=\"font-size:14px;\" >O aux\u00edlio-doen\u00e7a \u00e9 um benef\u00edcio por incapacidade devido ao segurado do INSS afastado por uma doen\u00e7a ou acidente que...<\/span>\n                        \n                    <\/div>\n                    <div class=\"relatedthumb yuzo-list\"  >  \n                        <a rel=\"external\" href=\"http:\/\/setocupacional.com.br\/site\/fique-por-dentro\/pcmso-entenda-a-sua-importancia\/\" class=\"image-list\">\n                             <div style=\"background:url(http:\/\/setocupacional.com.br\/site\/wp-content\/uploads\/2017\/11\/1604751_756490077756727_6098758930179853986_n-300x225.jpg) 50% 50% no-repeat;width: 130px;height:90px;margin-bottom: 5px;background-size: cover; \"><\/div>\n                        <\/a>\n                        <a class=\"link-list\" href=\"http:\/\/setocupacional.com.br\/site\/fique-por-dentro\/pcmso-entenda-a-sua-importancia\/\" style=\"font-size:18px;font-weight:bold;\">PCMSO: Entenda a sua import\u00e2ncia!<\/a><\/h3>\n                        <span style=\"font-size:14px;\" >O PCMSO \u2013 Programa de Controle M\u00e9dico de Sa\u00fade Ocupacional \u00e9 regulamentado pela norma n\u00ba 07 do Minist\u00e9rio do Trab...<\/span>\n                        \n                    <\/div>\n                    <div class=\"relatedthumb yuzo-list\"  >  \n                        <a rel=\"external\" href=\"http:\/\/setocupacional.com.br\/site\/fique-por-dentro\/sindrome-de-burnout-do-entusiasmo-ao-esgotamento-profissional\/\" class=\"image-list\">\n                             <div style=\"background:url(http:\/\/setocupacional.com.br\/site\/wp-content\/uploads\/2018\/01\/work-2005640_960_720-300x200.jpg) 50% 50% no-repeat;width: 130px;height:90px;margin-bottom: 5px;background-size: cover; \"><\/div>\n                        <\/a>\n                        <a class=\"link-list\" href=\"http:\/\/setocupacional.com.br\/site\/fique-por-dentro\/sindrome-de-burnout-do-entusiasmo-ao-esgotamento-profissional\/\" style=\"font-size:18px;font-weight:bold;\">S\u00edndrome de Burnout: do entusiasmo ao esgotamento profissional<\/a><\/h3>\n                        <span style=\"font-size:14px;\" >Na d\u00e9cada de 70, o psic\u00f3logo Herbert J. Freudenberger foi um dos primeiros a observar altera\u00e7\u00f5es significativas de h...<\/span>\n                        \n                    <\/div><\/div><style>\n                        .yuzo_related_post .relatedthumb:hover{background:#ebffeb !important}\n                    <\/style> ","protected":false},"excerpt":{"rendered":"<p>Venha fazer parte da Equipe SET &#8211; Medicina e Seguran\u00e7a do Trabalho. Envie seu curr\u00edculo. Conte\u00fado Relacionado Barulho excessivo no trabalho p\u00f5e em risco a audi\u00e7\u00e3o de milh\u00f5es Furadeiras, britadeiras, buzinas, entre outros itens muito comuns no cotidiano, aliados a falta de conhecimento das norm&#8230; O Absente\u00edsmo Compromete o Resultado<\/p>\n","protected":false},"author":1,"featured_media":0,"parent":0,"menu_order":0,"comment_status":"open","ping_status":"open","template":"","meta":[],"_links":{"self":[{"href":"http:\/\/setocupacional.com.br\/site\/wp-json\/wp\/v2\/pages\/127"}],"collection":[{"href":"http:\/\/setocupacional.com.br\/site\/wp-json\/wp\/v2\/pages"}],"about":[{"href":"http:\/\/setocupacional.com.br\/site\/wp-json\/wp\/v2\/types\/page"}],"author":[{"embeddable":true,"href":"http:\/\/setocupacional.com.br\/site\/wp-json\/wp\/v2\/users\/1"}],"replies":[{"embeddable":true,"href":"http:\/\/setocupacional.com.br\/site\/wp-json\/wp\/v2\/comments?post=127"}],"version-history":[{"count":5,"href":"http:\/\/setocupacional.com.br\/site\/wp-json\/wp\/v2\/pages\/127\/revisions"}],"predecessor-version":[{"id":139,"href":"http:\/\/setocupacional.com.br\/site\/wp-json\/wp\/v2\/pages\/127\/revisions\/139"}],"wp:attachment":[{"href":"http:\/\/setocupacional.com.br\/site\/wp-json\/wp\/v2\/media?parent=127"}],"curies":[{"name":"wp","href":"https:\/\/api.w.org\/{rel}","templated":true}]}}