{"id":150,"date":"2014-07-30T16:04:27","date_gmt":"2014-07-30T16:04:27","guid":{"rendered":"http:\/\/setocupacional.com.br\/site\/?page_id=150"},"modified":"2020-04-02T22:48:47","modified_gmt":"2020-04-02T22:48:47","slug":"orcamento-online","status":"publish","type":"page","link":"http:\/\/setocupacional.com.br\/site\/orcamento-online\/","title":{"rendered":"Or\u00e7amento Online"},"content":{"rendered":"\n<div class='yuzo_related_post'  data-version='2.8.3'><div class='clearfix'><hr \/><br \/><h3>Conte\u00fado Relacionado<\/h3><\/div>\n                    <div class=\"relatedthumb yuzo-list\"  >  \n                        <a rel=\"external\" href=\"http:\/\/setocupacional.com.br\/site\/fique-por-dentro\/os-problemas-de-saude-causados-pelo-trabalho-noturno\/\" class=\"image-list\">\n                             <div style=\"background:url(http:\/\/setocupacional.com.br\/site\/wp-content\/uploads\/2018\/01\/stethoscope-2617701_960_720-300x191.jpg) 50% 50% no-repeat;width: 130px;height:90px;margin-bottom: 5px;background-size: cover; \"><\/div>\n                        <\/a>\n                        <a class=\"link-list\" href=\"http:\/\/setocupacional.com.br\/site\/fique-por-dentro\/os-problemas-de-saude-causados-pelo-trabalho-noturno\/\" style=\"font-size:18px;font-weight:bold;\">Os problemas de sa\u00fade causados pelo trabalho noturno<\/a><\/h3>\n                        <span style=\"font-size:14px;\" >Em todo o mundo, milh\u00f5es de pessoas trabalham \u00e0 noite. H\u00e1 poucos dados oficiais, mas de acordo com um estudo realizad...<\/span>\n                        \n                    <\/div>\n                    <div class=\"relatedthumb yuzo-list\"  >  \n                        <a rel=\"external\" href=\"http:\/\/setocupacional.com.br\/site\/fique-por-dentro\/pcmso-entenda-a-sua-importancia\/\" class=\"image-list\">\n                             <div style=\"background:url(http:\/\/setocupacional.com.br\/site\/wp-content\/uploads\/2017\/11\/1604751_756490077756727_6098758930179853986_n-300x225.jpg) 50% 50% no-repeat;width: 130px;height:90px;margin-bottom: 5px;background-size: cover; \"><\/div>\n                        <\/a>\n                        <a class=\"link-list\" href=\"http:\/\/setocupacional.com.br\/site\/fique-por-dentro\/pcmso-entenda-a-sua-importancia\/\" style=\"font-size:18px;font-weight:bold;\">PCMSO: Entenda a sua import\u00e2ncia!<\/a><\/h3>\n                        <span style=\"font-size:14px;\" >O PCMSO \u2013 Programa de Controle M\u00e9dico de Sa\u00fade Ocupacional \u00e9 regulamentado pela norma n\u00ba 07 do Minist\u00e9rio do Trab...<\/span>\n                        \n                    <\/div>\n                    <div class=\"relatedthumb yuzo-list\"  >  \n                        <a rel=\"external\" href=\"http:\/\/setocupacional.com.br\/site\/nossos-servicos\/seguranca-do-trabalho\/treinamentos\/\" class=\"image-list\">\n                             <div style=\"background:url(http:\/\/setocupacional.com.br\/site\/wp-content\/uploads\/2014\/07\/elemento-padrao.jpg) 50% 50% no-repeat;width: 130px;height:90px;margin-bottom: 5px;background-size: cover; \"><\/div>\n                        <\/a>\n                        <a class=\"link-list\" href=\"http:\/\/setocupacional.com.br\/site\/nossos-servicos\/seguranca-do-trabalho\/treinamentos\/\" style=\"font-size:18px;font-weight:bold;\">Treinamentos<\/a><\/h3>\n                        <span style=\"font-size:14px;\" >Principais Treinamentos:\r\n\r\n\tComiss\u00e3o Interna de Preven\u00e7\u00e3o de Acidentes (CIPA) \u2013 NR-5\r\n\tEquipamentos de Prote\u00e7\u00e3o ...<\/span>\n                        \n                    <\/div>\n                    <div class=\"relatedthumb yuzo-list\"  >  \n                        <a rel=\"external\" href=\"http:\/\/setocupacional.com.br\/site\/nossos-servicos\/medicina-do-trabalho\/pcmso-programa-controle-medico-saude-ocupacional-nr7\/\" class=\"image-list\">\n                             <div style=\"background:url(http:\/\/setocupacional.com.br\/site\/wp-content\/uploads\/2014\/07\/elemento-padrao.jpg) 50% 50% no-repeat;width: 130px;height:90px;margin-bottom: 5px;background-size: cover; \"><\/div>\n                        <\/a>\n                        <a class=\"link-list\" href=\"http:\/\/setocupacional.com.br\/site\/nossos-servicos\/medicina-do-trabalho\/pcmso-programa-controle-medico-saude-ocupacional-nr7\/\" style=\"font-size:18px;font-weight:bold;\">PCMSO \u2013 Programa de Controle M\u00e9dico de Sa\u00fade Ocupacional \u2013 NR7<\/a><\/h3>\n                        <span style=\"font-size:14px;\" >A Norma Regulamentadora \u2013 NR7 atrav\u00e9s da Portaria 3214\/78 regulamenta o Programa de Controle M\u00e9dico em Sa\u00fade Ocupac...<\/span>\n                        \n                    <\/div><\/div><style>\n                        .yuzo_related_post .relatedthumb:hover{background:#ebffeb !important}\n                    <\/style> ","protected":false},"excerpt":{"rendered":"<p>Conte\u00fado Relacionado Saiba mais sobre a SET A equipe SET \u00e9 composta por profissionais especializados, que atendem dentro das mais diversas \u00e1reas necess\u00e1rias \u00e0 e&#8230; Voc\u00ea sabia que 40% dos acidentes de trabalho s\u00e3o causados por quedas? Minist\u00e9rio do Trabalho eleva as exig\u00eancias para trabalho em altura Empresa que descumprir<\/p>\n","protected":false},"author":1,"featured_media":0,"parent":0,"menu_order":0,"comment_status":"open","ping_status":"open","template":"","meta":[],"_links":{"self":[{"href":"http:\/\/setocupacional.com.br\/site\/wp-json\/wp\/v2\/pages\/150"}],"collection":[{"href":"http:\/\/setocupacional.com.br\/site\/wp-json\/wp\/v2\/pages"}],"about":[{"href":"http:\/\/setocupacional.com.br\/site\/wp-json\/wp\/v2\/types\/page"}],"author":[{"embeddable":true,"href":"http:\/\/setocupacional.com.br\/site\/wp-json\/wp\/v2\/users\/1"}],"replies":[{"embeddable":true,"href":"http:\/\/setocupacional.com.br\/site\/wp-json\/wp\/v2\/comments?post=150"}],"version-history":[{"count":6,"href":"http:\/\/setocupacional.com.br\/site\/wp-json\/wp\/v2\/pages\/150\/revisions"}],"predecessor-version":[{"id":1084,"href":"http:\/\/setocupacional.com.br\/site\/wp-json\/wp\/v2\/pages\/150\/revisions\/1084"}],"wp:attachment":[{"href":"http:\/\/setocupacional.com.br\/site\/wp-json\/wp\/v2\/media?parent=150"}],"curies":[{"name":"wp","href":"https:\/\/api.w.org\/{rel}","templated":true}]}}