{"id":21,"date":"2014-07-21T23:31:08","date_gmt":"2014-07-21T23:31:08","guid":{"rendered":"http:\/\/gtpaisagismo.com.br\/setocupacional\/?page_id=21"},"modified":"2016-10-27T09:51:21","modified_gmt":"2016-10-27T09:51:21","slug":"conheca-set","status":"publish","type":"page","link":"http:\/\/setocupacional.com.br\/site\/conheca-set\/","title":{"rendered":"Quem somos"},"content":{"rendered":"<h3>SET \u2013 Servi\u00e7o Especializado em Medicina e Seguran\u00e7a do Trabalho<\/h3>\n<p>A SET Ocupacional \u00e9 uma consultoria especializada em Medicina e Seguran\u00e7a do Trabalho. Com equipe de profissionais altamente capacitados e de experi\u00eancia comprovada, a SET oferece solu\u00e7\u00f5es para empresas e corpora\u00e7\u00f5es diversas, que estejam preocupadas em atender \u00e0s exig\u00eancias da legisla\u00e7\u00e3o trabalhista, assim como garantir a integridade f\u00edsica e a seguran\u00e7a preventiva dos colaboradores.<\/p>\n<p>Localizada em Mogi das Cruzes (SP), a SET Ocupacional possui uma sede bem estruturada, com equipamentos pr\u00f3prios, que oferece aos clientes conforto e comodidade para atendimento na cl\u00ednica e tamb\u00e9m in company. A unidade realiza exames m\u00e9dicos e complementares importantes, como audiometria, acuidade visual, espirometria, eletrocardiograma, eletroencefalograma, exames radiol\u00f3gicos, laboratoriais, entre outros.<\/p>\n<p><a href=\"http:\/\/setocupacional.com.br\/site\/wp-content\/uploads\/2014\/08\/voce-sabia-01.jpg\" rel=\"lightbox[21]\"><img decoding=\"async\" loading=\"lazy\" class=\"alignleft size-full wp-image-237\" src=\"http:\/\/setocupacional.com.br\/site\/wp-content\/uploads\/2014\/08\/voce-sabia-01.jpg\" alt=\"voce-sabia-01\" width=\"290\" height=\"430\" srcset=\"http:\/\/setocupacional.com.br\/site\/wp-content\/uploads\/2014\/08\/voce-sabia-01.jpg 290w, http:\/\/setocupacional.com.br\/site\/wp-content\/uploads\/2014\/08\/voce-sabia-01-202x300.jpg 202w\" sizes=\"(max-width: 290px) 100vw, 290px\" \/><\/a>A equipe SET \u00e9 composta por profissionais especializados, que atendem dentro das mais diversas \u00e1reas necess\u00e1rias \u00e0 efici\u00eancia da Medicina e Seguran\u00e7a do Trabalho. O quadro inclui m\u00e9dicos, fonoaudi\u00f3logos, psic\u00f3logos, t\u00e9cnicos em enfermagem, t\u00e9cnicos de seguran\u00e7a do trabalho e engenheiro do trabalho. Possui uma ampla rede credenciada, o que permite atendimento com abrang\u00eancia nacional.<\/p>\n<p>A SET ainda conta com corpo administrativo especializado, que oferece suporte t\u00e9cnico para realiza\u00e7\u00e3o de assessoramentos, consultorias e emiss\u00e3o de laudos diversos. Os consultores possuem ampla expertise na \u00e1rea e est\u00e3o em constante atualiza\u00e7\u00e3o a fim de acompanhar as mudan\u00e7as normativas, garantindo aos clientes conformidade legal ininterrupta.<\/p>\n<p>Al\u00e9m disso, a SET realiza palestras, treinamentos e cursos na \u00e1rea de Seguran\u00e7a do Trabalho. Tais ferramentas auxiliam o empres\u00e1rio no processo de educa\u00e7\u00e3o e conscientiza\u00e7\u00e3o dos colaboradores quanto \u00e0 necessidade de adequa\u00e7\u00e3o \u00e0s normas trabalhistas, de forma a contribuir para a constru\u00e7\u00e3o de uma cultura interna de seguran\u00e7a e preven\u00e7\u00e3o.<\/p>\n<p>Os servi\u00e7os oferecidos pela SET envolvem n\u00e3o apenas a apresenta\u00e7\u00e3o de solu\u00e7\u00f5es em Medicina e Seguran\u00e7a do Trabalho, mas tamb\u00e9m o acompanhamento e monitoramento do processo de adequa\u00e7\u00e3o das rotinas e pr\u00e1ticas que se fizerem necess\u00e1rias. Trata-se de uma atua\u00e7\u00e3o completa, para garantir a empres\u00e1rios e colaboradores a m\u00e1xima tranquilidade durante o exerc\u00edcio de suas atividades.<\/p>\n<p><a href=\"http:\/\/setocupacional.com.br\/site\/?cat=3\"><strong>Saiba mais<\/strong><\/a> sobre os servi\u00e7os prestados pela SET.<\/p>\n<p>Leve a SET para dentro de sua empresa! <a href=\"http:\/\/setocupacional.com.br\/site\/?page_id=23\"><strong>Agende uma visita!<\/strong><\/a><\/p>\n<div class='yuzo_related_post'  data-version='2.8.3'><div class='clearfix'><hr \/><br \/><h3>Conte\u00fado Relacionado<\/h3><\/div>\n                    <div class=\"relatedthumb yuzo-list\"  >  \n                        <a rel=\"external\" href=\"http:\/\/setocupacional.com.br\/site\/fique-por-dentro\/estresse-no-trabalho\/\" class=\"image-list\">\n                             <div style=\"background:url(http:\/\/setocupacional.com.br\/site\/wp-content\/uploads\/2018\/01\/angry-2191104_960_720-300x200.jpg) 50% 50% no-repeat;width: 130px;height:90px;margin-bottom: 5px;background-size: cover; \"><\/div>\n                        <\/a>\n                        <a class=\"link-list\" href=\"http:\/\/setocupacional.com.br\/site\/fique-por-dentro\/estresse-no-trabalho\/\" style=\"font-size:18px;font-weight:bold;\">Estresse no Trabalho<\/a><\/h3>\n                        <span style=\"font-size:14px;\" >O trabalho \u00e9 o principal causador de estresse no pa\u00eds. Os resultados come\u00e7am a ser sentidos na pele de quem n\u00e3o cons...<\/span>\n                        \n                    <\/div>\n                    <div class=\"relatedthumb yuzo-list\"  >  \n                        <a rel=\"external\" href=\"http:\/\/setocupacional.com.br\/site\/fique-por-dentro\/workaholic-vicio-em-trabalho-risco-a-saude-consequencias-causas-tratamentos\/\" class=\"image-list\">\n                             <div style=\"background:url(http:\/\/setocupacional.com.br\/site\/wp-content\/uploads\/2016\/12\/Imagem-Fique-por-Dentro-01-300x207.jpg) 50% 50% no-repeat;width: 130px;height:90px;margin-bottom: 5px;background-size: cover; \"><\/div>\n                        <\/a>\n                        <a class=\"link-list\" href=\"http:\/\/setocupacional.com.br\/site\/fique-por-dentro\/workaholic-vicio-em-trabalho-risco-a-saude-consequencias-causas-tratamentos\/\" style=\"font-size:18px;font-weight:bold;\">V\u00edcio em trabalho pode ser risco para a sa\u00fade<\/a><\/h3>\n                        <span style=\"font-size:14px;\" >Trabalhar longas horas e ganhar um bom sal\u00e1rio \u00e9 considerado por muitos o sin\u00f4nimo de sucesso. E ser chamado de worka...<\/span>\n                        \n                    <\/div>\n                    <div class=\"relatedthumb yuzo-list\"  >  \n                        <a rel=\"external\" href=\"http:\/\/setocupacional.com.br\/site\/fique-por-dentro\/tenha-uma-alimentacao-saudavel\/\" class=\"image-list\">\n                             <div style=\"background:url(http:\/\/setocupacional.com.br\/site\/wp-content\/uploads\/2018\/03\/salad-3035559_960_720-300x199.jpg) 50% 50% no-repeat;width: 130px;height:90px;margin-bottom: 5px;background-size: cover; \"><\/div>\n                        <\/a>\n                        <a class=\"link-list\" href=\"http:\/\/setocupacional.com.br\/site\/fique-por-dentro\/tenha-uma-alimentacao-saudavel\/\" style=\"font-size:18px;font-weight:bold;\">Tenha uma Alimenta\u00e7\u00e3o Saud\u00e1vel!<\/a><\/h3>\n                        <span style=\"font-size:14px;\" >Uma alimenta\u00e7\u00e3o saud\u00e1vel proporciona qualidade de vida, pois faz nosso corpo funcionar adequadamente respondendo a to...<\/span>\n                        \n                    <\/div>\n                    <div class=\"relatedthumb yuzo-list\"  >  \n                        <a rel=\"external\" href=\"http:\/\/setocupacional.com.br\/site\/fique-por-dentro\/mogi-cruzes-tiete-acidentes-de-trabalho-causados-por-quedas\/\" class=\"image-list\">\n                             <div style=\"background:url(http:\/\/setocupacional.com.br\/site\/wp-content\/uploads\/2014\/08\/08-300x133.jpg) 50% 50% no-repeat;width: 130px;height:90px;margin-bottom: 5px;background-size: cover; \"><\/div>\n                        <\/a>\n                        <a class=\"link-list\" href=\"http:\/\/setocupacional.com.br\/site\/fique-por-dentro\/mogi-cruzes-tiete-acidentes-de-trabalho-causados-por-quedas\/\" style=\"font-size:18px;font-weight:bold;\">Voc\u00ea sabia que 40% dos acidentes de trabalho s\u00e3o causados por quedas?<\/a><\/h3>\n                        <span style=\"font-size:14px;\" >Minist\u00e9rio do Trabalho eleva as exig\u00eancias para trabalho em altura\r\n\r\nEmpresa que descumprir pode ser embargada ou int...<\/span>\n                        \n                    <\/div><\/div><style>\n                        .yuzo_related_post .relatedthumb:hover{background:#ebffeb !important}\n                    <\/style> ","protected":false},"excerpt":{"rendered":"<p>SET \u2013 Servi\u00e7o Especializado em Medicina e Seguran\u00e7a do Trabalho A SET Ocupacional \u00e9 uma consultoria especializada em Medicina e Seguran\u00e7a do Trabalho. Com equipe de profissionais altamente capacitados e de experi\u00eancia comprovada, a SET oferece solu\u00e7\u00f5es para empresas e corpora\u00e7\u00f5es diversas, que estejam preocupadas em atender \u00e0s exig\u00eancias da<\/p>\n","protected":false},"author":1,"featured_media":0,"parent":0,"menu_order":0,"comment_status":"open","ping_status":"closed","template":"","meta":[],"_links":{"self":[{"href":"http:\/\/setocupacional.com.br\/site\/wp-json\/wp\/v2\/pages\/21"}],"collection":[{"href":"http:\/\/setocupacional.com.br\/site\/wp-json\/wp\/v2\/pages"}],"about":[{"href":"http:\/\/setocupacional.com.br\/site\/wp-json\/wp\/v2\/types\/page"}],"author":[{"embeddable":true,"href":"http:\/\/setocupacional.com.br\/site\/wp-json\/wp\/v2\/users\/1"}],"replies":[{"embeddable":true,"href":"http:\/\/setocupacional.com.br\/site\/wp-json\/wp\/v2\/comments?post=21"}],"version-history":[{"count":12,"href":"http:\/\/setocupacional.com.br\/site\/wp-json\/wp\/v2\/pages\/21\/revisions"}],"predecessor-version":[{"id":667,"href":"http:\/\/setocupacional.com.br\/site\/wp-json\/wp\/v2\/pages\/21\/revisions\/667"}],"wp:attachment":[{"href":"http:\/\/setocupacional.com.br\/site\/wp-json\/wp\/v2\/media?parent=21"}],"curies":[{"name":"wp","href":"https:\/\/api.w.org\/{rel}","templated":true}]}}