{"id":226,"date":"2014-08-14T23:30:52","date_gmt":"2014-08-14T23:30:52","guid":{"rendered":"http:\/\/setocupacional.com.br\/site\/?page_id=226"},"modified":"2014-08-14T23:35:56","modified_gmt":"2014-08-14T23:35:56","slug":"credenciamento-e-parceria","status":"publish","type":"page","link":"http:\/\/setocupacional.com.br\/site\/credenciamento-e-parceria\/","title":{"rendered":"Credenciamento e Parceria"},"content":{"rendered":"<p>Atendemos empresas de Medicina Ocupacional localizadas fora da cidade de Mogi das Cruzes atrav\u00e9s de credenciamento, sempre norteados pela \u00e9tica e profissionalismo.<\/p>\n<p><strong>Contate-nos!<\/strong><\/p>\n\n<div class='yuzo_related_post'  data-version='2.8.3'><div class='clearfix'><hr \/><br \/><h3>Conte\u00fado Relacionado<\/h3><\/div>\n                    <div class=\"relatedthumb yuzo-list\"  >  \n                        <a rel=\"external\" href=\"http:\/\/setocupacional.com.br\/site\/fique-por-dentro\/o-absenteismo-compromete-o-resultado-das-organizacoes\/\" class=\"image-list\">\n                             <div style=\"background:url(http:\/\/setocupacional.com.br\/site\/wp-content\/uploads\/2018\/02\/industrial-1636390_960_720-300x200.jpg) 50% 50% no-repeat;width: 130px;height:90px;margin-bottom: 5px;background-size: cover; \"><\/div>\n                        <\/a>\n                        <a class=\"link-list\" href=\"http:\/\/setocupacional.com.br\/site\/fique-por-dentro\/o-absenteismo-compromete-o-resultado-das-organizacoes\/\" style=\"font-size:18px;font-weight:bold;\">O Absente\u00edsmo Compromete o Resultado das Organiza\u00e7\u00f5es<\/a><\/h3>\n                        <span style=\"font-size:14px;\" >As faltas e atrasos de colaboradores no trabalho s\u00e3o grandes problemas para as organiza\u00e7\u00f5es, visto que certas ativida...<\/span>\n                        \n                    <\/div>\n                    <div class=\"relatedthumb yuzo-list\"  >  \n                        <a rel=\"external\" href=\"http:\/\/setocupacional.com.br\/site\/fique-por-dentro\/mogi-cruzes-tiete-aposentadoria-empresas-ppp-previdenciario\/\" class=\"image-list\">\n                             <div style=\"background:url(http:\/\/setocupacional.com.br\/site\/wp-content\/uploads\/2014\/07\/021-300x138.jpg) 50% 50% no-repeat;width: 130px;height:90px;margin-bottom: 5px;background-size: cover; \"><\/div>\n                        <\/a>\n                        <a class=\"link-list\" href=\"http:\/\/setocupacional.com.br\/site\/fique-por-dentro\/mogi-cruzes-tiete-aposentadoria-empresas-ppp-previdenciario\/\" style=\"font-size:18px;font-weight:bold;\">Al\u00e9m da aposentadoria especial, empresas de qualquer atividade precisam fornecer PPP<\/a><\/h3>\n                        <span style=\"font-size:14px;\" >Empresa de pequeno porte demite um funcion\u00e1rio, e 15 anos depois, na hora de se aposentar, esse funcion\u00e1rio vai at\u00e9 a...<\/span>\n                        \n                    <\/div>\n                    <div class=\"relatedthumb yuzo-list\"  >  \n                        <a rel=\"external\" href=\"http:\/\/setocupacional.com.br\/site\/nossos-servicos\/medicina-do-trabalho\/mogi-cruzes-tiete-exames-ocupacionais\/\" class=\"image-list\">\n                             <div style=\"background:url(http:\/\/setocupacional.com.br\/site\/wp-content\/uploads\/2016\/12\/banner-institucional-servicos1.jpg) 50% 50% no-repeat;width: 130px;height:90px;margin-bottom: 5px;background-size: cover; \"><\/div>\n                        <\/a>\n                        <a class=\"link-list\" href=\"http:\/\/setocupacional.com.br\/site\/nossos-servicos\/medicina-do-trabalho\/mogi-cruzes-tiete-exames-ocupacionais\/\" style=\"font-size:18px;font-weight:bold;\">Exames Ocupacionais<\/a><\/h3>\n                        <span style=\"font-size:14px;\" >Lista de Exames Ocupacionais:\r\n\r\nExame admissional\r\n\r\nDeve ser realizado antes que o trabalhador seja admitido. S\u00e3o rea...<\/span>\n                        \n                    <\/div>\n                    <div class=\"relatedthumb yuzo-list\"  >  \n                        <a rel=\"external\" href=\"http:\/\/setocupacional.com.br\/site\/fique-por-dentro\/cuidados-com-a-saude-ocupacional\/\" class=\"image-list\">\n                             <div style=\"background:url(http:\/\/setocupacional.com.br\/site\/wp-content\/uploads\/2018\/02\/man-3107306_960_720-217x300.jpg) 50% 50% no-repeat;width: 130px;height:90px;margin-bottom: 5px;background-size: cover; \"><\/div>\n                        <\/a>\n                        <a class=\"link-list\" href=\"http:\/\/setocupacional.com.br\/site\/fique-por-dentro\/cuidados-com-a-saude-ocupacional\/\" style=\"font-size:18px;font-weight:bold;\">Cuidados com a Sa\u00fade Ocupacional<\/a><\/h3>\n                        <span style=\"font-size:14px;\" >Existem doen\u00e7as que s\u00e3o causadas tanto em decorr\u00eancia das atividades do ambiente corporativo, quanto fora dele, e que...<\/span>\n                        \n                    <\/div><\/div><style>\n                        .yuzo_related_post .relatedthumb:hover{background:#ebffeb !important}\n                    <\/style> ","protected":false},"excerpt":{"rendered":"<p>Atendemos empresas de Medicina Ocupacional localizadas fora da cidade de Mogi das Cruzes atrav\u00e9s de credenciamento, sempre norteados pela \u00e9tica e profissionalismo. Contate-nos! Conte\u00fado Relacionado V\u00edcio em trabalho pode ser risco para a sa\u00fade Trabalhar longas horas e ganhar um bom sal\u00e1rio \u00e9 considerado por muitos o sin\u00f4nimo de sucesso.<\/p>\n","protected":false},"author":1,"featured_media":0,"parent":0,"menu_order":0,"comment_status":"open","ping_status":"open","template":"","meta":[],"_links":{"self":[{"href":"http:\/\/setocupacional.com.br\/site\/wp-json\/wp\/v2\/pages\/226"}],"collection":[{"href":"http:\/\/setocupacional.com.br\/site\/wp-json\/wp\/v2\/pages"}],"about":[{"href":"http:\/\/setocupacional.com.br\/site\/wp-json\/wp\/v2\/types\/page"}],"author":[{"embeddable":true,"href":"http:\/\/setocupacional.com.br\/site\/wp-json\/wp\/v2\/users\/1"}],"replies":[{"embeddable":true,"href":"http:\/\/setocupacional.com.br\/site\/wp-json\/wp\/v2\/comments?post=226"}],"version-history":[{"count":2,"href":"http:\/\/setocupacional.com.br\/site\/wp-json\/wp\/v2\/pages\/226\/revisions"}],"predecessor-version":[{"id":228,"href":"http:\/\/setocupacional.com.br\/site\/wp-json\/wp\/v2\/pages\/226\/revisions\/228"}],"wp:attachment":[{"href":"http:\/\/setocupacional.com.br\/site\/wp-json\/wp\/v2\/media?parent=226"}],"curies":[{"name":"wp","href":"https:\/\/api.w.org\/{rel}","templated":true}]}}