{"id":23,"date":"2014-07-21T23:37:13","date_gmt":"2014-07-21T23:37:13","guid":{"rendered":"http:\/\/gtpaisagismo.com.br\/setocupacional\/?page_id=23"},"modified":"2014-11-06T11:30:13","modified_gmt":"2014-11-06T11:30:13","slug":"solicite-uma-visita","status":"publish","type":"page","link":"http:\/\/setocupacional.com.br\/site\/solicite-uma-visita\/","title":{"rendered":"Solicite uma Visita"},"content":{"rendered":"<p>Preencha o formul\u00e1rio abaixo, um de nossos representantes entrar\u00e1 em contato.<\/p>\n\n<div class='yuzo_related_post'  data-version='2.8.3'><div class='clearfix'><hr \/><br \/><h3>Conte\u00fado Relacionado<\/h3><\/div>\n                    <div class=\"relatedthumb yuzo-list\"  >  \n                        <a rel=\"external\" href=\"http:\/\/setocupacional.com.br\/site\/nossos-servicos\/sobre-a-set-seguranca-trabalho-saude-ocupacional-exames\/\" class=\"image-list\">\n                             <div style=\"background:url(http:\/\/setocupacional.com.br\/site\/wp-content\/uploads\/2014\/07\/elemento-padrao.jpg) 50% 50% no-repeat;width: 130px;height:90px;margin-bottom: 5px;background-size: cover; \"><\/div>\n                        <\/a>\n                        <a class=\"link-list\" href=\"http:\/\/setocupacional.com.br\/site\/nossos-servicos\/sobre-a-set-seguranca-trabalho-saude-ocupacional-exames\/\" style=\"font-size:18px;font-weight:bold;\">Saiba mais sobre a SET<\/a><\/h3>\n                        <span style=\"font-size:14px;\" >A equipe SET \u00e9 composta por profissionais especializados, que atendem dentro das mais diversas \u00e1reas necess\u00e1rias \u00e0 e...<\/span>\n                        \n                    <\/div>\n                    <div class=\"relatedthumb yuzo-list\"  >  \n                        <a rel=\"external\" href=\"http:\/\/setocupacional.com.br\/site\/nossos-servicos\/seguranca-do-trabalho\/outras-nrs\/\" class=\"image-list\">\n                             <div style=\"background:url(http:\/\/setocupacional.com.br\/site\/wp-content\/uploads\/2014\/07\/elemento-padrao.jpg) 50% 50% no-repeat;width: 130px;height:90px;margin-bottom: 5px;background-size: cover; \"><\/div>\n                        <\/a>\n                        <a class=\"link-list\" href=\"http:\/\/setocupacional.com.br\/site\/nossos-servicos\/seguranca-do-trabalho\/outras-nrs\/\" style=\"font-size:18px;font-weight:bold;\">Outras NRs<\/a><\/h3>\n                        <span style=\"font-size:14px;\" >Veja outras NRs:\r\n\r\nNR-11 - Transporte, Movimenta\u00e7\u00e3o, Armazenagem e Manuseio de Materiais\r\nNR-12 - Seguran\u00e7a no Traba...<\/span>\n                        \n                    <\/div>\n                    <div class=\"relatedthumb yuzo-list\"  >  \n                        <a rel=\"external\" href=\"http:\/\/setocupacional.com.br\/site\/fique-por-dentro\/pcmso-entenda-a-sua-importancia\/\" class=\"image-list\">\n                             <div style=\"background:url(http:\/\/setocupacional.com.br\/site\/wp-content\/uploads\/2017\/11\/1604751_756490077756727_6098758930179853986_n-300x225.jpg) 50% 50% no-repeat;width: 130px;height:90px;margin-bottom: 5px;background-size: cover; \"><\/div>\n                        <\/a>\n                        <a class=\"link-list\" href=\"http:\/\/setocupacional.com.br\/site\/fique-por-dentro\/pcmso-entenda-a-sua-importancia\/\" style=\"font-size:18px;font-weight:bold;\">PCMSO: Entenda a sua import\u00e2ncia!<\/a><\/h3>\n                        <span style=\"font-size:14px;\" >O PCMSO \u2013 Programa de Controle M\u00e9dico de Sa\u00fade Ocupacional \u00e9 regulamentado pela norma n\u00ba 07 do Minist\u00e9rio do Trab...<\/span>\n                        \n                    <\/div>\n                    <div class=\"relatedthumb yuzo-list\"  >  \n                        <a rel=\"external\" href=\"http:\/\/setocupacional.com.br\/site\/fique-por-dentro\/mogi-cruzes-tiete-perda-auditiva-por-ruido-no-trabalhado\/\" class=\"image-list\">\n                             <div style=\"background:url(http:\/\/setocupacional.com.br\/site\/wp-content\/uploads\/2014\/10\/set-01.jpg) 50% 50% no-repeat;width: 130px;height:90px;margin-bottom: 5px;background-size: cover; \"><\/div>\n                        <\/a>\n                        <a class=\"link-list\" href=\"http:\/\/setocupacional.com.br\/site\/fique-por-dentro\/mogi-cruzes-tiete-perda-auditiva-por-ruido-no-trabalhado\/\" style=\"font-size:18px;font-weight:bold;\">A perda auditiva induzida por ru\u00eddo e sua influ\u00eancia na qualidade de vida dos trabalhadores<\/a><\/h3>\n                        <span style=\"font-size:14px;\" >Como a Perda Auditiva Induzida por Ru\u00eddo e suas caracter\u00edsticas podem influenciar negativamente a qualidade de vida do...<\/span>\n                        \n                    <\/div><\/div><style>\n                        .yuzo_related_post .relatedthumb:hover{background:#ebffeb !important}\n                    <\/style> ","protected":false},"excerpt":{"rendered":"<p>Preencha o formul\u00e1rio abaixo, um de nossos representantes entrar\u00e1 em contato. Conte\u00fado Relacionado Tire todas as suas d\u00favidas sobre estabilidade dos cipeiros Para que serve a estabilidade na CIPA? A estabilidade da CIPA n\u00e3o foi criada para ser um benef\u00edcio pessoal ao cipei&#8230; Ergonomia \u2013 NR17 Esta Norma Regulamentadora visa<\/p>\n","protected":false},"author":1,"featured_media":0,"parent":0,"menu_order":0,"comment_status":"open","ping_status":"open","template":"","meta":[],"_links":{"self":[{"href":"http:\/\/setocupacional.com.br\/site\/wp-json\/wp\/v2\/pages\/23"}],"collection":[{"href":"http:\/\/setocupacional.com.br\/site\/wp-json\/wp\/v2\/pages"}],"about":[{"href":"http:\/\/setocupacional.com.br\/site\/wp-json\/wp\/v2\/types\/page"}],"author":[{"embeddable":true,"href":"http:\/\/setocupacional.com.br\/site\/wp-json\/wp\/v2\/users\/1"}],"replies":[{"embeddable":true,"href":"http:\/\/setocupacional.com.br\/site\/wp-json\/wp\/v2\/comments?post=23"}],"version-history":[{"count":3,"href":"http:\/\/setocupacional.com.br\/site\/wp-json\/wp\/v2\/pages\/23\/revisions"}],"predecessor-version":[{"id":607,"href":"http:\/\/setocupacional.com.br\/site\/wp-json\/wp\/v2\/pages\/23\/revisions\/607"}],"wp:attachment":[{"href":"http:\/\/setocupacional.com.br\/site\/wp-json\/wp\/v2\/media?parent=23"}],"curies":[{"name":"wp","href":"https:\/\/api.w.org\/{rel}","templated":true}]}}