{"id":77,"date":"2014-07-22T00:08:22","date_gmt":"2014-07-22T00:08:22","guid":{"rendered":"http:\/\/gtpaisagismo.com.br\/setocupacional\/?page_id=77"},"modified":"2020-04-02T23:07:14","modified_gmt":"2020-04-02T23:07:14","slug":"fale-conosco","status":"publish","type":"page","link":"http:\/\/setocupacional.com.br\/site\/fale-conosco\/","title":{"rendered":"Contato"},"content":{"rendered":"<p>SET Servi\u00e7o Especializado em Medicina e Seguran\u00e7a do Trabalho Ltda<\/p>\n<p>Rua Prof\u00aa. Leonor de Oliveira Melo, 148 &#8211; Jardim Santista, Mogi das Cruzes &#8211; SP. CEP: 08730-140<\/p>\n<p>Telefone: 11 2786-6002<\/p>\n<p>WhatsApp: <a class=\"yLUwa\" href=\"http:\/\/bit.ly\/SET_Ocupacional\" target=\"_blank\" rel=\"me nofollow noopener noreferrer\">11 96586-8955<\/a><\/p>\n<p>E-mails para contato:<\/p>\n<p>atendimento@setocupacional.com.br<\/p>\n<p>contato@setocupacional.com.br<\/p>\n<p><strong>\u00a0Siga-nos no Instagram: <a title=\"Instagram - SET Ocupacional\" href=\"https:\/\/www.instagram.com\/setocupacional\/\" target=\"_blank\" rel=\"noopener noreferrer\">@setocupacional<\/a><\/strong><\/p>\n\n<div class='yuzo_related_post'  data-version='2.8.3'><div class='clearfix'><hr \/><br \/><h3>Conte\u00fado Relacionado<\/h3><\/div>\n                    <div class=\"relatedthumb yuzo-list\"  >  \n                        <a rel=\"external\" href=\"http:\/\/setocupacional.com.br\/site\/nossos-servicos\/sobre-a-set-seguranca-trabalho-saude-ocupacional-exames\/\" class=\"image-list\">\n                             <div style=\"background:url(http:\/\/setocupacional.com.br\/site\/wp-content\/uploads\/2014\/07\/elemento-padrao.jpg) 50% 50% no-repeat;width: 130px;height:90px;margin-bottom: 5px;background-size: cover; \"><\/div>\n                        <\/a>\n                        <a class=\"link-list\" href=\"http:\/\/setocupacional.com.br\/site\/nossos-servicos\/sobre-a-set-seguranca-trabalho-saude-ocupacional-exames\/\" style=\"font-size:18px;font-weight:bold;\">Saiba mais sobre a SET<\/a><\/h3>\n                        <span style=\"font-size:14px;\" >A equipe SET \u00e9 composta por profissionais especializados, que atendem dentro das mais diversas \u00e1reas necess\u00e1rias \u00e0 e...<\/span>\n                        \n                    <\/div>\n                    <div class=\"relatedthumb yuzo-list\"  >  \n                        <a rel=\"external\" href=\"http:\/\/setocupacional.com.br\/site\/fique-por-dentro\/estresse-no-trabalho\/\" class=\"image-list\">\n                             <div style=\"background:url(http:\/\/setocupacional.com.br\/site\/wp-content\/uploads\/2018\/01\/angry-2191104_960_720-300x200.jpg) 50% 50% no-repeat;width: 130px;height:90px;margin-bottom: 5px;background-size: cover; \"><\/div>\n                        <\/a>\n                        <a class=\"link-list\" href=\"http:\/\/setocupacional.com.br\/site\/fique-por-dentro\/estresse-no-trabalho\/\" style=\"font-size:18px;font-weight:bold;\">Estresse no Trabalho<\/a><\/h3>\n                        <span style=\"font-size:14px;\" >O trabalho \u00e9 o principal causador de estresse no pa\u00eds. Os resultados come\u00e7am a ser sentidos na pele de quem n\u00e3o cons...<\/span>\n                        \n                    <\/div>\n                    <div class=\"relatedthumb yuzo-list\"  >  \n                        <a rel=\"external\" href=\"http:\/\/setocupacional.com.br\/site\/fique-por-dentro\/os-problemas-de-saude-causados-pelo-trabalho-noturno\/\" class=\"image-list\">\n                             <div style=\"background:url(http:\/\/setocupacional.com.br\/site\/wp-content\/uploads\/2018\/01\/stethoscope-2617701_960_720-300x191.jpg) 50% 50% no-repeat;width: 130px;height:90px;margin-bottom: 5px;background-size: cover; \"><\/div>\n                        <\/a>\n                        <a class=\"link-list\" href=\"http:\/\/setocupacional.com.br\/site\/fique-por-dentro\/os-problemas-de-saude-causados-pelo-trabalho-noturno\/\" style=\"font-size:18px;font-weight:bold;\">Os problemas de sa\u00fade causados pelo trabalho noturno<\/a><\/h3>\n                        <span style=\"font-size:14px;\" >Em todo o mundo, milh\u00f5es de pessoas trabalham \u00e0 noite. H\u00e1 poucos dados oficiais, mas de acordo com um estudo realizad...<\/span>\n                        \n                    <\/div>\n                    <div class=\"relatedthumb yuzo-list\"  >  \n                        <a rel=\"external\" href=\"http:\/\/setocupacional.com.br\/site\/nossos-servicos\/seguranca-do-trabalho\/trabalho-em-altura-nr35\/\" class=\"image-list\">\n                             <div style=\"background:url(http:\/\/setocupacional.com.br\/site\/wp-content\/uploads\/2014\/07\/elemento-padrao.jpg) 50% 50% no-repeat;width: 130px;height:90px;margin-bottom: 5px;background-size: cover; \"><\/div>\n                        <\/a>\n                        <a class=\"link-list\" href=\"http:\/\/setocupacional.com.br\/site\/nossos-servicos\/seguranca-do-trabalho\/trabalho-em-altura-nr35\/\" style=\"font-size:18px;font-weight:bold;\">Trabalho em Altura \u2013 NR35<\/a><\/h3>\n                        <span style=\"font-size:14px;\" >Esta Norma estabelece os requisitos m\u00ednimos e as medidas de prote\u00e7\u00e3o para o trabalho em altura, envolvendo o planejam...<\/span>\n                        \n                    <\/div><\/div><style>\n                        .yuzo_related_post .relatedthumb:hover{background:#ebffeb !important}\n                    <\/style> ","protected":false},"excerpt":{"rendered":"<p>SET Servi\u00e7o Especializado em Medicina e Seguran\u00e7a do Trabalho Ltda Rua Prof\u00aa. Leonor de Oliveira Melo, 148 &#8211; Jardim Santista, Mogi das Cruzes &#8211; SP. CEP: 08730-140 Telefone: 11 2786-6002 WhatsApp: 11 96586-8955 E-mails para contato: atendimento@setocupacional.com.br contato@setocupacional.com.br \u00a0Siga-nos no Instagram: @setocupacional Conte\u00fado Relacionado Estudo evidencia ganhos econ\u00f4micos quando a<\/p>\n","protected":false},"author":1,"featured_media":0,"parent":0,"menu_order":0,"comment_status":"open","ping_status":"open","template":"","meta":[],"_links":{"self":[{"href":"http:\/\/setocupacional.com.br\/site\/wp-json\/wp\/v2\/pages\/77"}],"collection":[{"href":"http:\/\/setocupacional.com.br\/site\/wp-json\/wp\/v2\/pages"}],"about":[{"href":"http:\/\/setocupacional.com.br\/site\/wp-json\/wp\/v2\/types\/page"}],"author":[{"embeddable":true,"href":"http:\/\/setocupacional.com.br\/site\/wp-json\/wp\/v2\/users\/1"}],"replies":[{"embeddable":true,"href":"http:\/\/setocupacional.com.br\/site\/wp-json\/wp\/v2\/comments?post=77"}],"version-history":[{"count":16,"href":"http:\/\/setocupacional.com.br\/site\/wp-json\/wp\/v2\/pages\/77\/revisions"}],"predecessor-version":[{"id":1088,"href":"http:\/\/setocupacional.com.br\/site\/wp-json\/wp\/v2\/pages\/77\/revisions\/1088"}],"wp:attachment":[{"href":"http:\/\/setocupacional.com.br\/site\/wp-json\/wp\/v2\/media?parent=77"}],"curies":[{"name":"wp","href":"https:\/\/api.w.org\/{rel}","templated":true}]}}