{"id":79,"date":"2014-07-22T00:08:44","date_gmt":"2014-07-22T00:08:44","guid":{"rendered":"http:\/\/gtpaisagismo.com.br\/setocupacional\/?page_id=79"},"modified":"2020-04-02T18:26:58","modified_gmt":"2020-04-02T18:26:58","slug":"localizacao","status":"publish","type":"page","link":"http:\/\/setocupacional.com.br\/site\/localizacao\/","title":{"rendered":"Localiza\u00e7\u00e3o"},"content":{"rendered":"<p>SET Servi\u00e7o Especializado em Medicina e Seguran\u00e7a do Trabalho Ltda<\/p>\n<p>Rua Prof\u00aa. Leonor de Oliveira Melo, 148 &#8211; Jardim Santista, Mogi das Cruzes &#8211; SP. CEP: 08730-140<\/p>\n<p>Telefone: 11 2786-6002<\/p>\n<p>WhatsApp: <a class=\"yLUwa\" style=\"color: #ba1111;\" href=\"https:\/\/l.instagram.com\/?u=http%3A%2F%2Fbit.ly%2FSET_Ocupacional&amp;e=ATMTGJxbRNALYRtXTr2ZHLlx3vC22t97GVue03ZGk9kRHklaOPIHCb2tFnSYobuC1xuULM7tQBgkIoQ&amp;s=1\" target=\"_blank\" rel=\"me nofollow noopener noreferrer\">11 96586-8955<\/a><\/p>\n<p>E-mails para contato:<\/p>\n<p>atendimento@setocupacional.com.br<\/p>\n<p>contato@setocupacional.com.br<\/p>\n<p><iframe loading=\"lazy\" style=\"border: 0;\" tabindex=\"0\" src=\"https:\/\/www.google.com\/maps\/embed?pb=!1m18!1m12!1m3!1d3658.1301580121713!2d-46.2027012850228!3d-23.527820584699484!2m3!1f0!2f0!3f0!3m2!1i1024!2i768!4f13.1!3m3!1m2!1s0x94cdd80d75d0812f%3A0xccdf7f1a9823c7b9!2sR.%20Profa.%20Leonor%20de%20Oliveira%20Melo%2C%20148%20-%20Jardim%20Santista%2C%20Mogi%20das%20Cruzes%20-%20SP%2C%2008730-140!5e0!3m2!1spt-BR!2sbr!4v1585851991643!5m2!1spt-BR!2sbr\" width=\"600\" height=\"450\" frameborder=\"0\" allowfullscreen=\"allowfullscreen\"><\/iframe><\/p>\n<div class='yuzo_related_post'  data-version='2.8.3'><div class='clearfix'><hr \/><br \/><h3>Conte\u00fado Relacionado<\/h3><\/div>\n                    <div class=\"relatedthumb yuzo-list\"  >  \n                        <a rel=\"external\" href=\"http:\/\/setocupacional.com.br\/site\/nossos-servicos\/seguranca-do-trabalho\/cipa-comissao-interna-prevencao-acidentes-nr5\/\" class=\"image-list\">\n                             <div style=\"background:url(http:\/\/setocupacional.com.br\/site\/wp-content\/uploads\/2014\/09\/LOGO-CIPA-300x300.jpg) 50% 50% no-repeat;width: 130px;height:90px;margin-bottom: 5px;background-size: cover; \"><\/div>\n                        <\/a>\n                        <a class=\"link-list\" href=\"http:\/\/setocupacional.com.br\/site\/nossos-servicos\/seguranca-do-trabalho\/cipa-comissao-interna-prevencao-acidentes-nr5\/\" style=\"font-size:18px;font-weight:bold;\">CIPA \u2013 Comiss\u00e3o Interna de Preven\u00e7\u00e3o de Acidentes \u2013 NR5<\/a><\/h3>\n                        <span style=\"font-size:14px;\" >A Comiss\u00e3o Interna de Preven\u00e7\u00e3o de Acidentes \u2013 CIPA tem como objetivo a preven\u00e7\u00e3o de acidentes e doen\u00e7as decorre...<\/span>\n                        \n                    <\/div>\n                    <div class=\"relatedthumb yuzo-list\"  >  \n                        <a rel=\"external\" href=\"http:\/\/setocupacional.com.br\/site\/fique-por-dentro\/mogi-cruzes-tiete-aposentadoria-empresas-ppp-previdenciario\/\" class=\"image-list\">\n                             <div style=\"background:url(http:\/\/setocupacional.com.br\/site\/wp-content\/uploads\/2014\/07\/021-300x138.jpg) 50% 50% no-repeat;width: 130px;height:90px;margin-bottom: 5px;background-size: cover; \"><\/div>\n                        <\/a>\n                        <a class=\"link-list\" href=\"http:\/\/setocupacional.com.br\/site\/fique-por-dentro\/mogi-cruzes-tiete-aposentadoria-empresas-ppp-previdenciario\/\" style=\"font-size:18px;font-weight:bold;\">Al\u00e9m da aposentadoria especial, empresas de qualquer atividade precisam fornecer PPP<\/a><\/h3>\n                        <span style=\"font-size:14px;\" >Empresa de pequeno porte demite um funcion\u00e1rio, e 15 anos depois, na hora de se aposentar, esse funcion\u00e1rio vai at\u00e9 a...<\/span>\n                        \n                    <\/div>\n                    <div class=\"relatedthumb yuzo-list\"  >  \n                        <a rel=\"external\" href=\"http:\/\/setocupacional.com.br\/site\/nossos-servicos\/sobre-a-set-seguranca-trabalho-saude-ocupacional-exames\/\" class=\"image-list\">\n                             <div style=\"background:url(http:\/\/setocupacional.com.br\/site\/wp-content\/uploads\/2014\/07\/elemento-padrao.jpg) 50% 50% no-repeat;width: 130px;height:90px;margin-bottom: 5px;background-size: cover; \"><\/div>\n                        <\/a>\n                        <a class=\"link-list\" href=\"http:\/\/setocupacional.com.br\/site\/nossos-servicos\/sobre-a-set-seguranca-trabalho-saude-ocupacional-exames\/\" style=\"font-size:18px;font-weight:bold;\">Saiba mais sobre a SET<\/a><\/h3>\n                        <span style=\"font-size:14px;\" >A equipe SET \u00e9 composta por profissionais especializados, que atendem dentro das mais diversas \u00e1reas necess\u00e1rias \u00e0 e...<\/span>\n                        \n                    <\/div>\n                    <div class=\"relatedthumb yuzo-list\"  >  \n                        <a rel=\"external\" href=\"http:\/\/setocupacional.com.br\/site\/fique-por-dentro\/mogi-cruzes-tiete-trabalho-audicao-exames-ocupacionais\/\" class=\"image-list\">\n                             <div style=\"background:url(http:\/\/setocupacional.com.br\/site\/wp-content\/uploads\/2014\/07\/05-300x138.jpg) 50% 50% no-repeat;width: 130px;height:90px;margin-bottom: 5px;background-size: cover; \"><\/div>\n                        <\/a>\n                        <a class=\"link-list\" href=\"http:\/\/setocupacional.com.br\/site\/fique-por-dentro\/mogi-cruzes-tiete-trabalho-audicao-exames-ocupacionais\/\" style=\"font-size:18px;font-weight:bold;\">Barulho excessivo no trabalho p\u00f5e em risco a audi\u00e7\u00e3o de milh\u00f5es<\/a><\/h3>\n                        <span style=\"font-size:14px;\" >Furadeiras, britadeiras, buzinas, entre outros itens muito comuns no cotidiano, aliados a falta de conhecimento das norm...<\/span>\n                        \n                    <\/div><\/div><style>\n                        .yuzo_related_post .relatedthumb:hover{background:#ebffeb !important}\n                    <\/style> ","protected":false},"excerpt":{"rendered":"<p>SET Servi\u00e7o Especializado em Medicina e Seguran\u00e7a do Trabalho Ltda Rua Prof\u00aa. Leonor de Oliveira Melo, 148 &#8211; Jardim Santista, Mogi das Cruzes &#8211; SP. CEP: 08730-140 Telefone: 11 2786-6002 WhatsApp: 11 96586-8955 E-mails para contato: atendimento@setocupacional.com.br contato@setocupacional.com.br Conte\u00fado Relacionado Tire todas as suas d\u00favidas sobre estabilidade dos cipeiros Para<\/p>\n","protected":false},"author":1,"featured_media":0,"parent":0,"menu_order":0,"comment_status":"open","ping_status":"open","template":"","meta":[],"_links":{"self":[{"href":"http:\/\/setocupacional.com.br\/site\/wp-json\/wp\/v2\/pages\/79"}],"collection":[{"href":"http:\/\/setocupacional.com.br\/site\/wp-json\/wp\/v2\/pages"}],"about":[{"href":"http:\/\/setocupacional.com.br\/site\/wp-json\/wp\/v2\/types\/page"}],"author":[{"embeddable":true,"href":"http:\/\/setocupacional.com.br\/site\/wp-json\/wp\/v2\/users\/1"}],"replies":[{"embeddable":true,"href":"http:\/\/setocupacional.com.br\/site\/wp-json\/wp\/v2\/comments?post=79"}],"version-history":[{"count":12,"href":"http:\/\/setocupacional.com.br\/site\/wp-json\/wp\/v2\/pages\/79\/revisions"}],"predecessor-version":[{"id":1069,"href":"http:\/\/setocupacional.com.br\/site\/wp-json\/wp\/v2\/pages\/79\/revisions\/1069"}],"wp:attachment":[{"href":"http:\/\/setocupacional.com.br\/site\/wp-json\/wp\/v2\/media?parent=79"}],"curies":[{"name":"wp","href":"https:\/\/api.w.org\/{rel}","templated":true}]}}